{"id":20031,"date":"2016-11-10T08:34:27","date_gmt":"2016-11-10T08:34:27","guid":{"rendered":""},"modified":"2026-01-06T16:37:32","modified_gmt":"2026-01-06T19:37:32","slug":"home","status":"publish","type":"page","link":"https:\/\/www.unisc.br\/ead\/","title":{"rendered":"EAD Unisc"},"content":{"rendered":"<p>[vc_row][vc_column dfd_column_responsive_enable=&#8221;dfd-column-responsive-enable&#8221; col_shadow=&#8221;box_shadow_enable:disable|shadow_horizontal:0|shadow_vertical:15|shadow_blur:50|shadow_spread:0|box_shadow_color:rgba (0%2C0%2C0%2C0.35)&#8221; col_shadow_hover=&#8221;box_shadow_enable:disable|shadow_horizontal:0|shadow_vertical:15|shadow_blur:50|shadow_spread:0|box_shadow_color:rgba(0%2C0%2C0%2C0.35)&#8221; responsive_styles=&#8221;padding_left_desktop:20|padding_right_desktop:20|padding_left_tablet:20|padding_right_tablet:20|padding_left_mobile:20|padding_right_mobile:20&#8243;][dfd_spacer screen_wide_spacer_size=&#8221;100&#8243; screen_normal_resolution=&#8221;1280&#8243; screen_tablet_resolution=&#8221;1024&#8243; screen_wide_resolution=&#8221;1280&#8243; screen_normal_spacer_size=&#8221;200&#8243; screen_tablet_spacer_size=&#8221;150&#8243; screen_mobile_spacer_size=&#8221;100&#8243;][dfd_heading style=&#8221;style_11&#8243; subtitle=&#8221;Inscreva-se agora&#8221; title_font_options=&#8221;tag:h2&#8243; subtitle_font_options=&#8221;tag:div&#8221;]<\/p>\n<p style=\"text-align: center;\">Cursos com matr\u00edculas abertas<\/p>\n<p><span style=\"vertical-align: inherit;\">[\/dfd_heading][dfd_spacer screen_wide_spacer_size=&#8221;30&#8243; screen_normal_resolution=&#8221;1024&#8243; screen_tablet_resolution=&#8221;800&#8243; screen_mobile_resolution=&#8221;480&#8243; screen_wide_resolution=&#8221;1280&#8243; screen_normal_spacer_size=&#8221;30&#8243; screen_tablet_spacer_size=&#8221;30&#8243; screen_mobile_spacer_size=&#8221;30&#8243;][\/vc_column][\/vc_row][vc_row dfd_row_config=&#8221;full_width_content&#8221; dfd_row_responsive_enable=&#8221;dfd-row-responsive-enable&#8221; css=&#8221;.vc_custom_1483345000271{padding-right: 5% !important;padding-left: 5% !important;}&#8221; responsivos_styles=&#8221;padding_left_desktop:20|padding_right_desktop:20|padding_left_tablet:20|padding_right_tablet:20|padding_left_mobile:20|padding_right_mobile:20&#8243;][vc_column][dfd_spacer screen_wide_spacer_size=&#8221;30&#8243; screen_normal_resolution=&#8221;1024&#8243; screen_tablet_resolution=&#8221;800&#8243; screen_mobile_resolution=&#8221;480&#8243; screen_wide_resolution=&#8221;1280&#8243; screen_normal_spacer_size=&#8221;30&#8243; screen_tablet_spacer_size=&#8221;30&#8243; screen_mobile_spacer_size=&#8221;30&#8243;][dfd_portfolio_metro_module posts_to_show=&#8221;1500&#8243; columns=&#8221;5&#8243; module_animation=&#8221;transition.slideUpBigIn&#8221; show_sort_panel=&#8221;&#8221; portfolio_content_alignment=&#8221;text-center&#8221; title_google_fonts=&#8221;&#8221; portfolio_hover_mask_background=&#8221;#1c5f83&#8243; portfolio_hover_mask_background_opacity=&#8221;80&#8243; title_font_options=&#8221;font_size:18|font_style_bold:1&#8243; portfolio_show_title=&#8221;on&#8221; portfolio_hover_mask_border=&#8221;on&#8221; portfolio_hover_mask_bordered_size=&#8221;10&#8243; portfolio_hover_mask_color=&#8221;#ffffff&#8221; portfolio_categories=&#8221;cursos_gratuitos,curta,extens\u00e3o,online,pos-gradua\u00e7\u00e3o&#8221; portfolio_show_top_cat=&#8221;on&#8221;][dfd_spacer screen_wide_spacer_size=&#8221;100&#8243; screen_normal_resolution=&#8221;1280&#8243; screen_tablet_resolution=&#8221;1024&#8243; screen_mobile_resolution=&#8221;800&#8243; screen_wide_resolution=&#8221;1280&#8243; screen_normal_spacer_size=&#8221;90&#8243; screen_tablet_spacer_size=&#8221;80&#8243; screen_mobile_spacer_size=&#8221;70&#8243;][\/vc_column][\/vc_row][vc_row css=&#8221;.vc_custom_1545193310149{cor de fundo: #1c5f83 !important;}&#8221;][vc_column dfd_column_responsive_enable=&#8221;dfd-column-responsive-enable&#8221; col_shadow=&#8221;box_shadow_enable:disable|shadow_horizontal:0|shadow_vertical:15 | shadow_blur:50|shadow_spread:0|box_shadow_color:rgba(0%2C0%2C0%2C0.35)&#8221;][dfd_spacer screen_wide_spacer_size=&#8221;30&#8243; screen_normal_resolution=&#8221;1024&#8243; screen_tablet_resolution=&#8221;800&#8243; screen_mobile_resolution=&#8221;480&#8243; screen_wide_resolution=&#8221;1280&#8243; screen_normal_spacer_size=&#8221;30&#8243; screen_tablet_spacer_size=&#8221;30&#8243; screen_mobile_spacer_size=&#8221;30&#8243;][dfd_heading style=&#8221;style_11&#8243; subtitle=&#8221;&#8221; title_font_options=&#8221;tag:h2&#8243; subtitle_font_options=&#8221;tag:div&#8221;]<\/span><\/p>\n<p style=\"text-align: center;\">Pr\u00f3ximos Cursos<\/p>\n<p><span style=\"vertical-align: inherit;\">[\/dfd_heading][dfd_spacer screen_wide_spacer_size=&#8221;30&#8243; screen_normal_resolution=&#8221;1024&#8243; screen_tablet_resolution=&#8221;800&#8243; screen_mobile_resolution=&#8221;480&#8243; screen_wide_resolution=&#8221;1280&#8243; screen_normal_spacer_size=&#8221;30&#8243; screen_tablet_spacer_size=&#8221;30&#8243; screen_mobile_spacer_size=&#8221;30&#8243;][\/vc_column][\/vc_row][vc_row dfd_row_config=&#8221;full_width_content&#8221; dfd_row_responsive_enable=&#8221;dfd-row-responsive-enable&#8221; css=&#8221;.vc_custom_1483345000271{padding-right: 5% !important;padding-left: 5% !important;}&#8221; responsivos_styles=&#8221;padding_left_desktop:20|padding_right_desktop:20|padding_left_tablet:20|padding_right_tablet:20|padding_left_mobile:20|padding_right_mobile:20&#8243;][vc_column][dfd_spacer screen_wide_spacer_size=&#8221;30&#8243; screen_normal_resolution=&#8221;1024&#8243; screen_tablet_resolution=&#8221;800&#8243; screen_mobile_resolution=&#8221;480&#8243; screen_wide_resolution=&#8221;1280&#8243; screen_normal_spacer_size=&#8221;30&#8243; screen_tablet_spacer_size=&#8221;30&#8243; screen_mobile_spacer_size=&#8221;30&#8243;][dfd_portfolio_metro_module aberto=&#8221;interesse&#8221; posts_to_show=&#8221;500&#8243; module_animation=&#8221;transition.slideUpBigIn&#8221; title_google_fonts=&#8221;&#8221; title_font_options=&#8221;font_size:18|color:%23ffffff|font_style_bold:1&#8243; tutoriais=&#8221;&#8221;][dfd_spacer screen_wide_spacer_size=&#8221;30&#8243; screen_normal_resolution=&#8221;1024&#8243; screen_tablet_resolution=&#8221;800&#8243; screen_mobile_resolution=&#8221;480&#8243; screen_wide_resolution=&#8221;1280&#8243; screen_normal_spacer_size=&#8221;30&#8243; screen_tablet_spacer_size=&#8221;30&#8243; screen_mobile_spacer_size=&#8221;30&#8243;][\/vc_column][\/vc_row][vc_row][vc_column][dfd_spacer screen_tablet_resolution=&#8221;1024&#8243; screen_mobile_resolution=&#8221;800&#8243; screen_wide_resolution=&#8221;1280&#8243; screen_normal_spacer_size=&#8221;90&#8243; screen_tablet_spacer_size=&#8221;80&#8243; screen_mobile_spacer_size=&#8221;70&#8243;][\/vc_column][\/vc_row][vc_row dfd_row_responsive_enable=&#8221;dfd-row-responsive-enable&#8221;][vc_column][dfd_spacer screen_wide_spacer_size=&#8221;130&#8243; screen_normal_resolution=&#8221;1280&#8243; screen_tablet_resolution=&#8221;1024&#8243; screen_wide_resolution=&#8221;1280&#8243; screen_normal_spacer_size=&#8221;110&#8243; screen_tablet_spacer_size=&#8221;80&#8243; screen_mobile_spacer_size=&#8221;70&#8243;][dfd_heading subtitle=&#8221;&#8221; module_animation=&#8221;transition.slideLeftBigIn&#8221; enable_delimiter=&#8221;&#8221; indefinido=&#8221;&#8221; title_font_options=&#8221;tag :h3|line_height:43|letter_spacing:0&#8243; subtitle_font_options=&#8221;tag:div|font_size:14|color:%237c7c7c|line_height:17&#8243; header_margin=&#8221;margin-bottom:10&#8243; title_responsive=&#8221;font_size_desktop:28|line_height_desktop: 40 |tamanho_da_linha:28|tamanho_da_linha:40|tamanho_da_fonte:24|altura_da_linha:34&#8243;]<\/span><\/p>\n<p style=\"text-align: center;\"><span style=\"color: #000000;\"><span style=\"vertical-align: inherit;\">CONFIRA OS COMENT\u00c1RIOS DOS NOSSOS ALUNOS<\/span><\/span><\/p>\n<p><span style=\"vertical-align: inherit;\"> [\/dfd_heading][dfd_spacer screen_wide_spacer_size=&#8221;20&#8243; screen_normal_resolution=&#8221;1024&#8243; screen_tablet_resolution=&#8221;800&#8243; screen_mobile_resolution=&#8221;480&#8243; screen_wide_resolution=&#8221;1280&#8243; screen_normal_spacer_size=&#8221;20&#8243; screen_tablet_spacer_size=&#8221;15&#8243; _tamanho=&#8221;15&#8243;][vc_column_text item_animation=&#8221;transition.slideLeftBigIn&#8221; css=&#8221;.vc_custom_1628621423271{preenchimento \u00e0 direita: 10px !importante;preenchimento \u00e0 esquerda: 10px !importante;}&#8221;]<\/span><\/p>\n<div id=\"depoimentos-home\"><\/div>\n<p><span style=\"vertical-align: inherit;\">[\/vc_column_text][dfd_spacer screen_wide_spacer_size=&#8221;80&#8243; screen_normal_resolution=&#8221;1280&#8243; screen_tablet_resolution=&#8221;1024&#8243; screen_mobile_resolution=&#8221;800&#8243; screen_wide_resold=&#8221;&#8221;][\/vc_column][\/vc_row][vc_row][vc_column width=&#8221;1\/4&#8243;][\/vc_column][vc_column width=&#8221;1\/2&#8243;][dfd_spacer screen_wide_spacer_size=&#8221;100&#8243; screen_normal_resolution=&#8221;1280&#8243; screen_tablet_resolution=&#8221;1024&#8243; screen_mobile_resolution=&#8221;800&#8243; screen_wide_resolution=&#8221;1280&#8243; screen_normal_spacer_size=&#8221;90&#8243; screen_tablet_spacer_size=&#8221;30&#8243; screen_mobile_spacer_size=&#8221;30&#8243;][dfd_heading subtitle=&#8221;&#8221; module_animation=&#8221;transition.slideLeftBigIn&#8221; enable_delimiter=&#8221;&#8221; indefinido=&#8221;&#8221; title_font_options=&#8221;tag :h3|line_height:43|letter_spacing:0&#8243; subtitle_font_options=&#8221;tag:div|font_size:14|color:%237c7c7c|line_height:17&#8243; header_margin=&#8221;margin-bottom:10&#8243; title_responsive=&#8221;font_size_desktop:28|line_height_desktop: 40 |tamanho_da_linha:28|tamanho_da_linha:40|tamanho_da_fonte:24|altura_da_linha:34&#8243;]<\/span><\/p>\n<p style=\"text-align: center;\">INSCREVA-SE EM NOSSA NEWSLETTER<\/p>\n<p><span style=\"vertical-align: inherit;\">[\/dfd_heading][vc_column_text item_animation=&#8221;transition.slideLeftBigIn&#8221; css=&#8221;.vc_custom_1621458081801{preenchimento \u00e0 direita: 10px !importante;preenchimento \u00e0 esquerda: 10px !importante;}&#8221;]<\/span><\/p>\n<p style=\"text-align: center;\">Se inscrevendo voc\u00ea ficar\u00e1 por dentro de todas as novidades do EAD<\/p>\n<p><span style=\"vertical-align: inherit;\">[dfd_spacer screen_wide_spacer_size=&#8221;15&#8243; screen_normal_resolution=&#8221;1024&#8243; screen_tablet_resolution=&#8221;800&#8243; screen_mobile_resolution=&#8221;480&#8243; screen_wide_resolution=&#8221;1280&#8243; screen_normal_spacer_size=&#8221;15&#8243; screen_tablet_spacer_size=&#8221;15&#8243; screen_mobile_spacer_size=&#8221;15&#8243;][vc_column _text]<\/span><\/p>\n<div id=\"tenho-interesse-ead-249606adc498389472d0\" role=\"main\"><\/div>\n<p><script src=\"https:\/\/d335luupugsy2.cloudfront.net\/js\/rdstation-forms\/stable\/rdstation-forms.min.js\" type=\"text\/javascript\"><\/script><script type=\"text\/javascript\"> new RDStationForms('tenho-interesse-ead-249606adc498389472d0', 'UA-915889-1').createForm();<\/script><span style=\"vertical-align: inherit;\">[\/vc_column_text][dfd_spacer screen_wide_spacer_size=&#8221;15&#8243; screen_normal_resolution=&#8221;1024&#8243; screen_tablet_resolution=&#8221;800&#8243; screen_mobile_resolution=&#8221;480&#8243; screen_wide_resolution=&#8221;1280&#8243; screen_normal_spacer_size=&#8221;15&#8243; screen_tablet_spacer_size=&#8221;15&#8243; screen_mobile_spacer_size=&#8221;15&#8243;][\/vc_column][vc_column width=&#8221;1\/4&#8243;][\/vc_column][\/vc_row][vc_row][vc_column][\/vc_column][dfd_spacer screen_wide_spacer_size=&#8221;90&#8243; screen_normal_resolution=&#8221;1280&#8243; screen_tablet_resolution=&#8221;1024&#8243; screen_mobile_resolution=&#8221;800&#8243; screen_wide_resolution=&#8221;1280&#8243; screen_normal_spacer_size=&#8221;80&#8243; screen_tablet_spacer_size=&#8221;50&#8243; screen_mobile_spacer_size=&#8221;40&#8243;][dfd_social_accounts main_style=&#8221;style-7&#8243; module_animation=&#8221;transition.expandIn&#8221; dfd_social_networks=&#8221;%5B%7B%22dfd_social_networks_sel%22%3A%22dfd &#8211; socicon-facebook%22%2C%22soc_url%22%3A%22url%3Ahttps%253A%252F%252Fwww.facebook.com%252Feadunisc%252F%7Ctitle%3AFacebook%7Ctarget%3A%2520_blank%7C%22%7D%2C % 7B%22dfd_social_networks_sel%22%3A%22dfd-socicon-instagram%22%2C%22soc_url%22%3A%22url%3Ahttps%253A%252F%252Fwww.instagram.com%252Feadunisc%252F%7Ctitle%3AInstagram%7Ctarget%3A %2520_blank%7c%22%7d%5d&#8221;][dfd_spacer r_tamanho=&#8221;60&#8243;][\/vc_row]<\/span><\/p>\n","protected":false},"excerpt":{"rendered":"<p>[vc_row][vc_column dfd_column_responsive_enable=&#8221;dfd-column-responsive-enable&#8221; col_shadow=&#8221;box_shadow_enable:disable|shadow_horizontal:0|shadow_vertical:15|shadow_blur:50|shadow_spread:0|box_shadow_color:rgba (0%2C0%2C0%2C0.35)&#8221; col_shadow_hover=&#8221;box_shadow_enable:disable|shadow_horizontal:0|shadow_vertical:15|shadow_blur:50|shadow_spread:0|box_shadow_color:rgba(0%2C0%2C0%2C0.35)&#8221; responsive_styles=&#8221;padding_left_desktop:20|padding_right_desktop:20|padding_left_tablet:20|padding_right_tablet:20|padding_left_mobile:20|padding_right_mobile:20&#8243;][dfd_spacer screen_wide_spacer_size=&#8221;100&#8243; screen_normal_resolution=&#8221;1280&#8243; screen_tablet_resolution=&#8221;1024&#8243; screen_wide_resolution=&#8221;1280&#8243; screen_normal_spacer_size=&#8221;200&#8243; screen_tablet_spacer_size=&#8221;150&#8243; screen_mobile_spacer_size=&#8221;100&#8243;][dfd_heading style=&#8221;style_11&#8243; subtitle=&#8221;Inscreva-se agora&#8221; title_font_options=&#8221;tag:h2&#8243; subtitle_font_options=&#8221;tag:div&#8221;] Cursos com matr\u00edculas abertas [\/dfd_heading][dfd_spacer screen_wide_spacer_size=&#8221;30&#8243; screen_normal_resolution=&#8221;1024&#8243; screen_tablet_resolution=&#8221;800&#8243; screen_mobile_resolution=&#8221;480&#8243; screen_wide_resolution=&#8221;1280&#8243; screen_normal_spacer_size=&#8221;30&#8243; screen_tablet_spacer_size=&#8221;30&#8243;<\/p>\n","protected":false},"author":1,"featured_media":21026,"parent":0,"menu_order":0,"comment_status":"closed","ping_status":"closed","template":"tmp-page.php","meta":{"_joinchat":[],"footnotes":""},"class_list":["post-20031","page","type-page","status-publish","has-post-thumbnail","hentry"],"acf":[],"post_mailing_queue_ids":[],"_links":{"self":[{"href":"https:\/\/www.unisc.br\/ead\/wp-json\/wp\/v2\/pages\/20031","targetHints":{"allow":["GET"]}}],"collection":[{"href":"https:\/\/www.unisc.br\/ead\/wp-json\/wp\/v2\/pages"}],"about":[{"href":"https:\/\/www.unisc.br\/ead\/wp-json\/wp\/v2\/types\/page"}],"author":[{"embeddable":true,"href":"https:\/\/www.unisc.br\/ead\/wp-json\/wp\/v2\/users\/1"}],"replies":[{"embeddable":true,"href":"https:\/\/www.unisc.br\/ead\/wp-json\/wp\/v2\/comments?post=20031"}],"version-history":[{"count":152,"href":"https:\/\/www.unisc.br\/ead\/wp-json\/wp\/v2\/pages\/20031\/revisions"}],"predecessor-version":[{"id":25009,"href":"https:\/\/www.unisc.br\/ead\/wp-json\/wp\/v2\/pages\/20031\/revisions\/25009"}],"wp:featuredmedia":[{"embeddable":true,"href":"https:\/\/www.unisc.br\/ead\/wp-json\/wp\/v2\/media\/21026"}],"wp:attachment":[{"href":"https:\/\/www.unisc.br\/ead\/wp-json\/wp\/v2\/media?parent=20031"}],"curies":[{"name":"wp","href":"https:\/\/api.w.org\/{rel}","templated":true}]}}